{"id":57,"date":"2024-11-09T14:46:58","date_gmt":"2024-11-09T14:46:58","guid":{"rendered":"https:\/\/sinforosapanama.com\/?page_id=57"},"modified":"2025-02-28T06:33:18","modified_gmt":"2025-02-28T06:33:18","slug":"home-demo","status":"publish","type":"page","link":"https:\/\/sinforosapanama.com\/","title":{"rendered":"Home Demo"},"content":{"rendered":"\t\t<div data-elementor-type=\"wp-page\" data-elementor-id=\"57\" class=\"elementor elementor-57\" data-elementor-post-type=\"page\">\n\t\t\t\t<div class=\"elementor-element elementor-element-3f52e67 e-flex e-con-boxed e-con e-parent\" data-id=\"3f52e67\" data-element_type=\"container\" data-settings=\"{&quot;background_background&quot;:&quot;slideshow&quot;,&quot;background_slideshow_gallery&quot;:[{&quot;id&quot;:513,&quot;url&quot;:&quot;https:\\\/\\\/sinforosapanama.com\\\/wp-content\\\/uploads\\\/2025\\\/02\\\/DJI_0386-X2.jpg&quot;}],&quot;background_slideshow_loop&quot;:&quot;yes&quot;,&quot;background_slideshow_slide_duration&quot;:5000,&quot;background_slideshow_slide_transition&quot;:&quot;fade&quot;,&quot;background_slideshow_transition_duration&quot;:500}\">\n\t\t\t\t\t<div class=\"e-con-inner\">\n\t\t\t\t<div class=\"elementor-element elementor-element-32ed2cc elementor-widget elementor-widget-image\" data-id=\"32ed2cc\" data-element_type=\"widget\" data-widget_type=\"image.default\">\n\t\t\t\t<div class=\"elementor-widget-container\">\n\t\t\t\t\t\t\t\t\t\t\t\t\t\t\t<img decoding=\"async\" width=\"150\" height=\"150\" src=\"https:\/\/sinforosapanama.com\/wp-content\/uploads\/2024\/11\/Copia-de-Copia-de-Copia-de-SINFOROSA-1-150x150.png\" class=\"attachment-thumbnail size-thumbnail wp-image-247\" alt=\"\" srcset=\"https:\/\/sinforosapanama.com\/wp-content\/uploads\/2024\/11\/Copia-de-Copia-de-Copia-de-SINFOROSA-1-150x150.png 150w, https:\/\/sinforosapanama.com\/wp-content\/uploads\/2024\/11\/Copia-de-Copia-de-Copia-de-SINFOROSA-1-300x300.png 300w, https:\/\/sinforosapanama.com\/wp-content\/uploads\/2024\/11\/Copia-de-Copia-de-Copia-de-SINFOROSA-1-100x100.png 100w\" sizes=\"(max-width: 150px) 100vw, 150px\" \/>\t\t\t\t\t\t\t\t\t\t\t\t\t\t\t<\/div>\n\t\t\t\t<\/div>\n\t\t\t\t<div class=\"elementor-element elementor-element-ce19024 elementor-widget elementor-widget-heading\" data-id=\"ce19024\" data-element_type=\"widget\" data-widget_type=\"heading.default\">\n\t\t\t\t<div class=\"elementor-widget-container\">\n\t\t\t\t\t<h2 class=\"elementor-heading-title elementor-size-default\">Descubre la magia de Playa Corona<\/h2>\t\t\t\t<\/div>\n\t\t\t\t<\/div>\n\t\t\t\t<div class=\"elementor-element elementor-element-30b1db3 elementor-align-center elementor-widget elementor-widget-button\" data-id=\"30b1db3\" data-element_type=\"widget\" data-widget_type=\"button.default\">\n\t\t\t\t<div class=\"elementor-widget-container\">\n\t\t\t\t\t\t\t\t\t<div class=\"elementor-button-wrapper\">\n\t\t\t\t\t<a class=\"elementor-button elementor-button-link elementor-size-sm\" href=\"https:\/\/sinforosapanama.com\/?page_id=105\">\n\t\t\t\t\t\t<span class=\"elementor-button-content-wrapper\">\n\t\t\t\t\t\t\t\t\t<span class=\"elementor-button-text\">Reserva hoy<\/span>\n\t\t\t\t\t<\/span>\n\t\t\t\t\t<\/a>\n\t\t\t\t<\/div>\n\t\t\t\t\t\t\t\t<\/div>\n\t\t\t\t<\/div>\n\t\t\t\t\t<\/div>\n\t\t\t\t<\/div>\n\t\t<div class=\"elementor-element elementor-element-ae87c6d e-flex e-con-boxed e-con e-parent\" data-id=\"ae87c6d\" data-element_type=\"container\" data-settings=\"{&quot;background_background&quot;:&quot;classic&quot;}\">\n\t\t\t\t\t<div class=\"e-con-inner\">\n\t\t\t\t<div class=\"elementor-element elementor-element-9a727e2 elementor-widget elementor-widget-spacer\" data-id=\"9a727e2\" data-element_type=\"widget\" data-widget_type=\"spacer.default\">\n\t\t\t\t<div class=\"elementor-widget-container\">\n\t\t\t\t\t\t\t<div class=\"elementor-spacer\">\n\t\t\t<div class=\"elementor-spacer-inner\"><\/div>\n\t\t<\/div>\n\t\t\t\t\t\t<\/div>\n\t\t\t\t<\/div>\n\t\t\t\t<div class=\"elementor-element elementor-element-3dff6e0 elementor-widget elementor-widget-heading\" data-id=\"3dff6e0\" data-element_type=\"widget\" data-widget_type=\"heading.default\">\n\t\t\t\t<div class=\"elementor-widget-container\">\n\t\t\t\t\t<h2 class=\"elementor-heading-title elementor-size-default\">Bienvenidos a <br>Sinforosa Panam\u00e1<\/h2>\t\t\t\t<\/div>\n\t\t\t\t<\/div>\n\t\t\t\t<div class=\"elementor-element elementor-element-9e8db21 elementor-widget elementor-widget-text-editor\" data-id=\"9e8db21\" data-element_type=\"widget\" data-widget_type=\"text-editor.default\">\n\t\t\t\t<div class=\"elementor-widget-container\">\n\t\t\t\t\t\t\t\t\t<p class=\"p1\">En el para\u00edso tropical de Playa Corona, Panam\u00e1, descubrimos un sitio con historia y lo transformamos en nuestro hogar. Casa Sinforosa ofrece el retiro perfecto para quienes buscan relajarse junto a la playa y vivir vacaciones inolvidables frente al mar.\u00a0<\/p>\t\t\t\t\t\t\t\t<\/div>\n\t\t\t\t<\/div>\n\t\t\t\t<div class=\"elementor-element elementor-element-fe86b28 elementor-widget elementor-widget-spacer\" data-id=\"fe86b28\" data-element_type=\"widget\" data-widget_type=\"spacer.default\">\n\t\t\t\t<div class=\"elementor-widget-container\">\n\t\t\t\t\t\t\t<div class=\"elementor-spacer\">\n\t\t\t<div class=\"elementor-spacer-inner\"><\/div>\n\t\t<\/div>\n\t\t\t\t\t\t<\/div>\n\t\t\t\t<\/div>\n\t\t\t\t\t<\/div>\n\t\t\t\t<\/div>\n\t\t<div class=\"elementor-element elementor-element-84ea6dd e-flex e-con-boxed e-con e-parent\" data-id=\"84ea6dd\" data-element_type=\"container\" data-settings=\"{&quot;background_background&quot;:&quot;classic&quot;}\">\n\t\t\t\t\t<div class=\"e-con-inner\">\n\t\t<div class=\"elementor-element elementor-element-4326fc7 e-con-full e-flex e-con e-child\" data-id=\"4326fc7\" data-element_type=\"container\">\n\t\t\t\t<div class=\"elementor-element elementor-element-2918ddf elementor-invisible elementor-widget elementor-widget-image\" data-id=\"2918ddf\" data-element_type=\"widget\" data-settings=\"{&quot;_animation&quot;:&quot;fadeInLeft&quot;}\" data-widget_type=\"image.default\">\n\t\t\t\t<div class=\"elementor-widget-container\">\n\t\t\t\t\t\t\t\t\t\t\t\t\t\t\t<img fetchpriority=\"high\" decoding=\"async\" width=\"800\" height=\"534\" src=\"https:\/\/sinforosapanama.com\/wp-content\/uploads\/2025\/02\/0G2A2948-1024x683.jpg\" class=\"attachment-large size-large wp-image-657\" alt=\"\" srcset=\"https:\/\/sinforosapanama.com\/wp-content\/uploads\/2025\/02\/0G2A2948-1024x683.jpg 1024w, https:\/\/sinforosapanama.com\/wp-content\/uploads\/2025\/02\/0G2A2948-300x200.jpg 300w, https:\/\/sinforosapanama.com\/wp-content\/uploads\/2025\/02\/0G2A2948-768x512.jpg 768w, https:\/\/sinforosapanama.com\/wp-content\/uploads\/2025\/02\/0G2A2948-1536x1024.jpg 1536w, https:\/\/sinforosapanama.com\/wp-content\/uploads\/2025\/02\/0G2A2948-2048x1365.jpg 2048w, https:\/\/sinforosapanama.com\/wp-content\/uploads\/2025\/02\/0G2A2948-600x400.jpg 600w\" sizes=\"(max-width: 800px) 100vw, 800px\" \/>\t\t\t\t\t\t\t\t\t\t\t\t\t\t\t<\/div>\n\t\t\t\t<\/div>\n\t\t\t\t<div class=\"elementor-element elementor-element-b6dafc8 elementor-widget elementor-widget-heading\" data-id=\"b6dafc8\" data-element_type=\"widget\" data-widget_type=\"heading.default\">\n\t\t\t\t<div class=\"elementor-widget-container\">\n\t\t\t\t\t<h2 class=\"elementor-heading-title elementor-size-default\">Donde la naturaleza, el arte y la hospitalidad se encuentran<\/h2>\t\t\t\t<\/div>\n\t\t\t\t<\/div>\n\t\t\t\t<div class=\"elementor-element elementor-element-821b68b elementor-widget elementor-widget-text-editor\" data-id=\"821b68b\" data-element_type=\"widget\" data-widget_type=\"text-editor.default\">\n\t\t\t\t<div class=\"elementor-widget-container\">\n\t\t\t\t\t\t\t\t\t<p>Casa sinforosa es un espacio de descanso, inspiraci\u00f3n y experiencias inolvidables. Aqu\u00ed, el arte se fusiona con la brisa marina y la calidez de nuestra hospitalidad. Conoce m\u00e1s sobre nuestra historia, y todo lo que hace especial a este para\u00edso costero.\u00a0<\/p>\t\t\t\t\t\t\t\t<\/div>\n\t\t\t\t<\/div>\n\t\t\t\t<div class=\"elementor-element elementor-element-3fce99d elementor-align-center elementor-widget elementor-widget-button\" data-id=\"3fce99d\" data-element_type=\"widget\" data-widget_type=\"button.default\">\n\t\t\t\t<div class=\"elementor-widget-container\">\n\t\t\t\t\t\t\t\t\t<div class=\"elementor-button-wrapper\">\n\t\t\t\t\t<a class=\"elementor-button elementor-button-link elementor-size-sm\" href=\"https:\/\/sinforosapanama.com\/?page_id=96\">\n\t\t\t\t\t\t<span class=\"elementor-button-content-wrapper\">\n\t\t\t\t\t\t\t\t\t<span class=\"elementor-button-text\">Sobre Nosotros<\/span>\n\t\t\t\t\t<\/span>\n\t\t\t\t\t<\/a>\n\t\t\t\t<\/div>\n\t\t\t\t\t\t\t\t<\/div>\n\t\t\t\t<\/div>\n\t\t\t\t<div class=\"elementor-element elementor-element-6c551db elementor-widget elementor-widget-spacer\" data-id=\"6c551db\" data-element_type=\"widget\" data-widget_type=\"spacer.default\">\n\t\t\t\t<div class=\"elementor-widget-container\">\n\t\t\t\t\t\t\t<div class=\"elementor-spacer\">\n\t\t\t<div class=\"elementor-spacer-inner\"><\/div>\n\t\t<\/div>\n\t\t\t\t\t\t<\/div>\n\t\t\t\t<\/div>\n\t\t\t\t<div class=\"elementor-element elementor-element-ac4640e elementor-invisible elementor-widget elementor-widget-image\" data-id=\"ac4640e\" data-element_type=\"widget\" data-settings=\"{&quot;_animation&quot;:&quot;fadeInLeft&quot;}\" data-widget_type=\"image.default\">\n\t\t\t\t<div class=\"elementor-widget-container\">\n\t\t\t\t\t\t\t\t\t\t\t\t\t\t\t<img decoding=\"async\" width=\"800\" height=\"534\" src=\"https:\/\/sinforosapanama.com\/wp-content\/uploads\/2025\/02\/0G2A2142-X3-1024x683.jpg\" class=\"attachment-large size-large wp-image-599\" alt=\"\" srcset=\"https:\/\/sinforosapanama.com\/wp-content\/uploads\/2025\/02\/0G2A2142-X3-1024x683.jpg 1024w, https:\/\/sinforosapanama.com\/wp-content\/uploads\/2025\/02\/0G2A2142-X3-300x200.jpg 300w, https:\/\/sinforosapanama.com\/wp-content\/uploads\/2025\/02\/0G2A2142-X3-768x512.jpg 768w, https:\/\/sinforosapanama.com\/wp-content\/uploads\/2025\/02\/0G2A2142-X3-1536x1024.jpg 1536w, https:\/\/sinforosapanama.com\/wp-content\/uploads\/2025\/02\/0G2A2142-X3-600x400.jpg 600w, https:\/\/sinforosapanama.com\/wp-content\/uploads\/2025\/02\/0G2A2142-X3.jpg 1600w\" sizes=\"(max-width: 800px) 100vw, 800px\" \/>\t\t\t\t\t\t\t\t\t\t\t\t\t\t\t<\/div>\n\t\t\t\t<\/div>\n\t\t\t\t<div class=\"elementor-element elementor-element-b0f96f0 elementor-widget elementor-widget-heading\" data-id=\"b0f96f0\" data-element_type=\"widget\" data-widget_type=\"heading.default\">\n\t\t\t\t<div class=\"elementor-widget-container\">\n\t\t\t\t\t<h2 class=\"elementor-heading-title elementor-size-default\">Elige tu habitaci\u00f3n y crea tu ambiente<\/h2>\t\t\t\t<\/div>\n\t\t\t\t<\/div>\n\t\t\t\t<div class=\"elementor-element elementor-element-d96252c elementor-widget elementor-widget-text-editor\" data-id=\"d96252c\" data-element_type=\"widget\" data-widget_type=\"text-editor.default\">\n\t\t\t\t<div class=\"elementor-widget-container\">\n\t\t\t\t\t\t\t\t\t<p class=\"p1\">Ya sea que prefieras un estilo Boho Costero, Minimalista Moderno, Vintage Cl\u00e1sico o una Vibra Art\u00edstica, tenemos el espacio perfecto para ti. Cada rinc\u00f3n de Casa Sinforosa ofrece una atm\u00f3sfera \u00fanica, llena de encanto, tranquilidad y paz natural. Vive tu escapada ideal, rel\u00e1jate y descon\u00e9ctate en un entorno dise\u00f1ado para inspirarte.\u00a0<\/p>\t\t\t\t\t\t\t\t<\/div>\n\t\t\t\t<\/div>\n\t\t\t\t<div class=\"elementor-element elementor-element-044d151 elementor-align-left elementor-widget elementor-widget-button\" data-id=\"044d151\" data-element_type=\"widget\" data-widget_type=\"button.default\">\n\t\t\t\t<div class=\"elementor-widget-container\">\n\t\t\t\t\t\t\t\t\t<div class=\"elementor-button-wrapper\">\n\t\t\t\t\t<a class=\"elementor-button elementor-button-link elementor-size-sm\" href=\"https:\/\/sinforosapanama.com\/?page_id=105\">\n\t\t\t\t\t\t<span class=\"elementor-button-content-wrapper\">\n\t\t\t\t\t\t\t\t\t<span class=\"elementor-button-text\">Habitaciones<\/span>\n\t\t\t\t\t<\/span>\n\t\t\t\t\t<\/a>\n\t\t\t\t<\/div>\n\t\t\t\t\t\t\t\t<\/div>\n\t\t\t\t<\/div>\n\t\t\t\t<\/div>\n\t\t<div class=\"elementor-element elementor-element-4feec31 e-con-full e-flex e-con e-child\" data-id=\"4feec31\" data-element_type=\"container\">\n\t\t\t\t<div class=\"elementor-element elementor-element-8369f96 elementor-invisible elementor-widget elementor-widget-image\" data-id=\"8369f96\" data-element_type=\"widget\" data-settings=\"{&quot;_animation&quot;:&quot;fadeInRight&quot;}\" data-widget_type=\"image.default\">\n\t\t\t\t<div class=\"elementor-widget-container\">\n\t\t\t\t\t\t\t\t\t\t\t\t\t\t\t<img decoding=\"async\" src=\"https:\/\/sinforosapanama.com\/wp-content\/uploads\/2025\/02\/0G2A3374-X2.jpg\" title=\"0G2A3374-X2\" alt=\"0G2A3374-X2\" loading=\"lazy\" \/>\t\t\t\t\t\t\t\t\t\t\t\t\t\t\t<\/div>\n\t\t\t\t<\/div>\n\t\t\t\t<div class=\"elementor-element elementor-element-9efceec elementor-widget elementor-widget-heading\" data-id=\"9efceec\" data-element_type=\"widget\" data-widget_type=\"heading.default\">\n\t\t\t\t<div class=\"elementor-widget-container\">\n\t\t\t\t\t<h2 class=\"elementor-heading-title elementor-size-default\">Abraza la belleza del mar a todo lo alto<\/h2>\t\t\t\t<\/div>\n\t\t\t\t<\/div>\n\t\t\t\t<div class=\"elementor-element elementor-element-a7828fd elementor-widget elementor-widget-text-editor\" data-id=\"a7828fd\" data-element_type=\"widget\" data-widget_type=\"text-editor.default\">\n\t\t\t\t<div class=\"elementor-widget-container\">\n\t\t\t\t\t\t\t\t\t<p class=\"p1\">Descubre el encanto de las arenas de Playa Corona, sus calas escondidas y las impresionantes vistas al oc\u00e9ano. Desde d\u00edas tranquilos en la playa hasta senderos costeros llenos de aventura, hay tanto por explorar en este para\u00edso tropical. Rel\u00e1jate, toma el sol y disfruta de atardeceres inolvidables junto al mar.\u00a0<\/p>\t\t\t\t\t\t\t\t<\/div>\n\t\t\t\t<\/div>\n\t\t\t\t<div class=\"elementor-element elementor-element-a83db7a elementor-align-center elementor-widget elementor-widget-button\" data-id=\"a83db7a\" data-element_type=\"widget\" data-widget_type=\"button.default\">\n\t\t\t\t<div class=\"elementor-widget-container\">\n\t\t\t\t\t\t\t\t\t<div class=\"elementor-button-wrapper\">\n\t\t\t\t\t<a class=\"elementor-button elementor-button-link elementor-size-sm\" href=\"https:\/\/sinforosapanama.com\/?page_id=197\">\n\t\t\t\t\t\t<span class=\"elementor-button-content-wrapper\">\n\t\t\t\t\t\t\t\t\t<span class=\"elementor-button-text\">Servicios <\/span>\n\t\t\t\t\t<\/span>\n\t\t\t\t\t<\/a>\n\t\t\t\t<\/div>\n\t\t\t\t\t\t\t\t<\/div>\n\t\t\t\t<\/div>\n\t\t\t\t<\/div>\n\t\t\t\t\t<\/div>\n\t\t\t\t<\/div>\n\t\t<div class=\"elementor-element elementor-element-fe11858 e-flex e-con-boxed e-con e-parent\" data-id=\"fe11858\" data-element_type=\"container\" data-settings=\"{&quot;background_background&quot;:&quot;classic&quot;}\">\n\t\t\t\t\t<div class=\"e-con-inner\">\n\t\t\t\t<div class=\"elementor-element elementor-element-8146bc3 elementor-widget elementor-widget-spacer\" data-id=\"8146bc3\" data-element_type=\"widget\" data-widget_type=\"spacer.default\">\n\t\t\t\t<div class=\"elementor-widget-container\">\n\t\t\t\t\t\t\t<div class=\"elementor-spacer\">\n\t\t\t<div class=\"elementor-spacer-inner\"><\/div>\n\t\t<\/div>\n\t\t\t\t\t\t<\/div>\n\t\t\t\t<\/div>\n\t\t\t\t\t<\/div>\n\t\t\t\t<\/div>\n\t\t<div class=\"elementor-element elementor-element-f0a65a8 e-flex e-con-boxed e-con e-parent\" data-id=\"f0a65a8\" data-element_type=\"container\" data-settings=\"{&quot;background_background&quot;:&quot;classic&quot;}\">\n\t\t\t\t\t<div class=\"e-con-inner\">\n\t\t\t\t<div class=\"elementor-element elementor-element-e95d386 elementor-widget elementor-widget-heading\" data-id=\"e95d386\" data-element_type=\"widget\" data-widget_type=\"heading.default\">\n\t\t\t\t<div class=\"elementor-widget-container\">\n\t\t\t\t\t<h2 class=\"elementor-heading-title elementor-size-default\">Encu\u00e9ntranos en <\/h2>\t\t\t\t<\/div>\n\t\t\t\t<\/div>\n\t\t<div class=\"elementor-element elementor-element-58a571e e-grid e-con-full e-con e-child\" data-id=\"58a571e\" data-element_type=\"container\">\n\t\t\t\t<div class=\"elementor-element elementor-element-13dcedb elementor-widget elementor-widget-image\" data-id=\"13dcedb\" data-element_type=\"widget\" data-widget_type=\"image.default\">\n\t\t\t\t<div class=\"elementor-widget-container\">\n\t\t\t\t\t\t\t\t\t\t\t\t\t\t\t<img loading=\"lazy\" decoding=\"async\" width=\"300\" height=\"79\" src=\"https:\/\/sinforosapanama.com\/wp-content\/uploads\/2024\/11\/1-removebg-preview-e1732559488786-300x79.png\" class=\"attachment-medium size-medium wp-image-266\" alt=\"\" srcset=\"https:\/\/sinforosapanama.com\/wp-content\/uploads\/2024\/11\/1-removebg-preview-e1732559488786-300x79.png 300w, https:\/\/sinforosapanama.com\/wp-content\/uploads\/2024\/11\/1-removebg-preview-e1732559488786.png 375w\" sizes=\"(max-width: 300px) 100vw, 300px\" \/>\t\t\t\t\t\t\t\t\t\t\t\t\t\t\t<\/div>\n\t\t\t\t<\/div>\n\t\t\t\t<div class=\"elementor-element elementor-element-c6c5b1d elementor-widget elementor-widget-image\" data-id=\"c6c5b1d\" data-element_type=\"widget\" data-widget_type=\"image.default\">\n\t\t\t\t<div class=\"elementor-widget-container\">\n\t\t\t\t\t\t\t\t\t\t\t\t\t\t\t<img loading=\"lazy\" decoding=\"async\" width=\"300\" height=\"83\" src=\"https:\/\/sinforosapanama.com\/wp-content\/uploads\/2024\/11\/2-removebg-preview-2-e1732559534794-300x83.png\" class=\"attachment-medium size-medium wp-image-270\" alt=\"\" srcset=\"https:\/\/sinforosapanama.com\/wp-content\/uploads\/2024\/11\/2-removebg-preview-2-e1732559534794-300x83.png 300w, https:\/\/sinforosapanama.com\/wp-content\/uploads\/2024\/11\/2-removebg-preview-2-e1732559534794.png 375w\" sizes=\"(max-width: 300px) 100vw, 300px\" \/>\t\t\t\t\t\t\t\t\t\t\t\t\t\t\t<\/div>\n\t\t\t\t<\/div>\n\t\t\t\t<div class=\"elementor-element elementor-element-269e905 elementor-widget elementor-widget-image\" data-id=\"269e905\" data-element_type=\"widget\" data-widget_type=\"image.default\">\n\t\t\t\t<div class=\"elementor-widget-container\">\n\t\t\t\t\t\t\t\t\t\t\t\t\t\t\t<img loading=\"lazy\" decoding=\"async\" width=\"300\" height=\"62\" src=\"https:\/\/sinforosapanama.com\/wp-content\/uploads\/2024\/11\/3-removebg-preview-e1732559455168-300x62.png\" class=\"attachment-medium size-medium wp-image-267\" alt=\"\" srcset=\"https:\/\/sinforosapanama.com\/wp-content\/uploads\/2024\/11\/3-removebg-preview-e1732559455168-300x62.png 300w, https:\/\/sinforosapanama.com\/wp-content\/uploads\/2024\/11\/3-removebg-preview-e1732559455168.png 375w\" sizes=\"(max-width: 300px) 100vw, 300px\" \/>\t\t\t\t\t\t\t\t\t\t\t\t\t\t\t<\/div>\n\t\t\t\t<\/div>\n\t\t\t\t<div class=\"elementor-element elementor-element-af62808 elementor-widget elementor-widget-image\" data-id=\"af62808\" data-element_type=\"widget\" data-widget_type=\"image.default\">\n\t\t\t\t<div class=\"elementor-widget-container\">\n\t\t\t\t\t\t\t\t\t\t\t\t\t\t\t<img loading=\"lazy\" decoding=\"async\" width=\"300\" height=\"75\" src=\"https:\/\/sinforosapanama.com\/wp-content\/uploads\/2024\/11\/4-removebg-preview-e1732559511411-300x75.png\" class=\"attachment-medium size-medium wp-image-269\" alt=\"\" srcset=\"https:\/\/sinforosapanama.com\/wp-content\/uploads\/2024\/11\/4-removebg-preview-e1732559511411-300x75.png 300w, https:\/\/sinforosapanama.com\/wp-content\/uploads\/2024\/11\/4-removebg-preview-e1732559511411.png 375w\" sizes=\"(max-width: 300px) 100vw, 300px\" \/>\t\t\t\t\t\t\t\t\t\t\t\t\t\t\t<\/div>\n\t\t\t\t<\/div>\n\t\t\t\t<\/div>\n\t\t\t\t\t<\/div>\n\t\t\t\t<\/div>\n\t\t\t\t<\/div>\n\t\t","protected":false},"excerpt":{"rendered":"<p>Descubre la magia de Playa Corona Reserva hoy Bienvenidos a Sinforosa Panam\u00e1 En el para\u00edso tropical de Playa Corona, Panam\u00e1, descubrimos un sitio con historia y lo transformamos en nuestro hogar. Casa Sinforosa ofrece el retiro perfecto para quienes buscan relajarse junto a la playa y vivir vacaciones inolvidables frente al mar.\u00a0 Donde la naturaleza, [&hellip;]<\/p>\n","protected":false},"author":1,"featured_media":0,"parent":0,"menu_order":0,"comment_status":"closed","ping_status":"closed","template":"elementor_header_footer","meta":{"_joinchat":[],"footnotes":""},"class_list":["post-57","page","type-page","status-publish","hentry"],"jetpack_sharing_enabled":true,"_links":{"self":[{"href":"https:\/\/sinforosapanama.com\/index.php?rest_route=\/wp\/v2\/pages\/57","targetHints":{"allow":["GET"]}}],"collection":[{"href":"https:\/\/sinforosapanama.com\/index.php?rest_route=\/wp\/v2\/pages"}],"about":[{"href":"https:\/\/sinforosapanama.com\/index.php?rest_route=\/wp\/v2\/types\/page"}],"author":[{"embeddable":true,"href":"https:\/\/sinforosapanama.com\/index.php?rest_route=\/wp\/v2\/users\/1"}],"replies":[{"embeddable":true,"href":"https:\/\/sinforosapanama.com\/index.php?rest_route=%2Fwp%2Fv2%2Fcomments&post=57"}],"version-history":[{"count":5,"href":"https:\/\/sinforosapanama.com\/index.php?rest_route=\/wp\/v2\/pages\/57\/revisions"}],"predecessor-version":[{"id":660,"href":"https:\/\/sinforosapanama.com\/index.php?rest_route=\/wp\/v2\/pages\/57\/revisions\/660"}],"wp:attachment":[{"href":"https:\/\/sinforosapanama.com\/index.php?rest_route=%2Fwp%2Fv2%2Fmedia&parent=57"}],"curies":[{"name":"wp","href":"https:\/\/api.w.org\/{rel}","templated":true}]}}