{"id":96,"date":"2024-11-17T21:28:10","date_gmt":"2024-11-17T21:28:10","guid":{"rendered":"https:\/\/sinforosapanama.com\/?page_id=96"},"modified":"2025-02-28T07:01:29","modified_gmt":"2025-02-28T07:01:29","slug":"about-us","status":"publish","type":"page","link":"https:\/\/sinforosapanama.com\/?page_id=96","title":{"rendered":"About us"},"content":{"rendered":"\t\t<div data-elementor-type=\"wp-page\" data-elementor-id=\"96\" class=\"elementor elementor-96\" data-elementor-post-type=\"page\">\n\t\t\t\t<div class=\"elementor-element elementor-element-0a17dd0 e-flex e-con-boxed e-con e-parent\" data-id=\"0a17dd0\" data-element_type=\"container\" data-settings=\"{&quot;background_background&quot;:&quot;slideshow&quot;,&quot;background_slideshow_gallery&quot;:[{&quot;id&quot;:676,&quot;url&quot;:&quot;https:\\\/\\\/sinforosapanama.com\\\/wp-content\\\/uploads\\\/2025\\\/02\\\/0G2A2911-X3-1.jpg&quot;}],&quot;background_slideshow_loop&quot;:&quot;yes&quot;,&quot;background_slideshow_slide_duration&quot;:5000,&quot;background_slideshow_slide_transition&quot;:&quot;fade&quot;,&quot;background_slideshow_transition_duration&quot;:500}\">\n\t\t\t\t\t<div class=\"e-con-inner\">\n\t\t\t\t<div class=\"elementor-element elementor-element-5b7681a elementor-widget elementor-widget-heading\" data-id=\"5b7681a\" data-element_type=\"widget\" data-widget_type=\"heading.default\">\n\t\t\t\t<div class=\"elementor-widget-container\">\n\t\t\t\t\t<h2 class=\"elementor-heading-title elementor-size-default\">Sobre nosotros<\/h2>\t\t\t\t<\/div>\n\t\t\t\t<\/div>\n\t\t\t\t<div class=\"elementor-element elementor-element-a5ec7be elementor-align-center elementor-widget elementor-widget-button\" data-id=\"a5ec7be\" data-element_type=\"widget\" data-widget_type=\"button.default\">\n\t\t\t\t<div class=\"elementor-widget-container\">\n\t\t\t\t\t\t\t\t\t<div class=\"elementor-button-wrapper\">\n\t\t\t\t\t<a class=\"elementor-button elementor-button-link elementor-size-sm\" href=\"https:\/\/sinforosapanama.com\/?page_id=105\">\n\t\t\t\t\t\t<span class=\"elementor-button-content-wrapper\">\n\t\t\t\t\t\t\t\t\t<span class=\"elementor-button-text\">Habitaciones <\/span>\n\t\t\t\t\t<\/span>\n\t\t\t\t\t<\/a>\n\t\t\t\t<\/div>\n\t\t\t\t\t\t\t\t<\/div>\n\t\t\t\t<\/div>\n\t\t\t\t\t<\/div>\n\t\t\t\t<\/div>\n\t\t<div class=\"elementor-element elementor-element-31fae9a e-flex e-con-boxed e-con e-parent\" data-id=\"31fae9a\" data-element_type=\"container\">\n\t\t\t\t\t<div class=\"e-con-inner\">\n\t\t<div class=\"elementor-element elementor-element-c4b3397 e-con-full e-flex e-con e-child\" data-id=\"c4b3397\" data-element_type=\"container\">\n\t\t\t\t<div class=\"elementor-element elementor-element-99da59a elementor-widget elementor-widget-heading\" data-id=\"99da59a\" data-element_type=\"widget\" data-widget_type=\"heading.default\">\n\t\t\t\t<div class=\"elementor-widget-container\">\n\t\t\t\t\t<h2 class=\"elementor-heading-title elementor-size-default\">Conoce el para\u00edso <\/h2>\t\t\t\t<\/div>\n\t\t\t\t<\/div>\n\t\t\t\t<div class=\"elementor-element elementor-element-d15f471 elementor-widget elementor-widget-text-editor\" data-id=\"d15f471\" data-element_type=\"widget\" data-widget_type=\"text-editor.default\">\n\t\t\t\t<div class=\"elementor-widget-container\">\n\t\t\t\t\t\t\t\t\t<p class=\"p1\">Un sitio con historia, transformado en un refugio costero.\u00a0<\/p><p class=\"p1\">Abrimos las puertas de Casa Sinforosa para revelar un mundo escondido: naturaleza, r\u00edo, playa, frutas y arte, todo en un solo lugar.\u00a0<\/p><p class=\"p1\">A solo una hora y media de la Ciudad de Panam\u00e1, Yeyo te espera con los brazos abiertos para compartir la magia del lugar.<\/p><p class=\"p1\">Abraza una vida saludable y planifica tu viaje.<\/p><p class=\"p1\">En Casa Sinforosa, combinamos comodidad y sencillez, con un toque de encanto paname\u00f1o. Cada una de nuestras habitaciones y suites est\u00e1 dise\u00f1ada para brindarte un espacio tranquilo, donde puedas relajarte mientras disfrutas de impresionantes vistas al oc\u00e9ano y el relajante sonido de las olas.\u00a0<\/p><p class=\"p1\">Nuestras comodidades incluyen:<\/p><ul><li class=\"p1\">Acceso a la playa: Sal de tu habitaci\u00f3n directamente a las suaves arenas de Playa Corona.\u00a0<\/li><li class=\"p1\">Actividades y aventuras: Desde surf y paddleboarding hasta ecotours y paseos de pesca; te ayudaremos a explorar lo mejor de Playa Corona.\u00a0<\/li><li class=\"p1\">Relajaci\u00f3n y bienestar: Descansa junto a nuestra piscina o consi\u00e9ntete con un masaje rejuvenecedor.<\/li><\/ul>\t\t\t\t\t\t\t\t<\/div>\n\t\t\t\t<\/div>\n\t\t\t\t<\/div>\n\t\t<div class=\"elementor-element elementor-element-aea316b e-con-full e-flex e-con e-child\" data-id=\"aea316b\" data-element_type=\"container\">\n\t\t\t\t<div class=\"elementor-element elementor-element-747eac0 elementor-widget elementor-widget-spacer\" data-id=\"747eac0\" data-element_type=\"widget\" data-widget_type=\"spacer.default\">\n\t\t\t\t<div class=\"elementor-widget-container\">\n\t\t\t\t\t\t\t<div class=\"elementor-spacer\">\n\t\t\t<div class=\"elementor-spacer-inner\"><\/div>\n\t\t<\/div>\n\t\t\t\t\t\t<\/div>\n\t\t\t\t<\/div>\n\t\t\t\t<div class=\"elementor-element elementor-element-c6c13a5 elementor-widget elementor-widget-text-editor\" data-id=\"c6c13a5\" data-element_type=\"widget\" data-widget_type=\"text-editor.default\">\n\t\t\t\t<div class=\"elementor-widget-container\">\n\t\t\t\t\t\t\t\t\t<p class=\"p1\">Estamos comprometidos a ofrecerte m\u00e1s que una estad\u00eda; queremos que te sientas como en casa. Ya sea que vengas para una escapada rom\u00e1ntica, unas vacaciones familiares o un retiro en solitario, nuestro equipo est\u00e1 dedicado a hacer que tu visita sea inolvidable.\u00a0<\/p><p class=\"p1\">Descubre la magia de Playa Corona y vive la c\u00e1lida hospitalidad de Casa Sinforosa.\u00a0<\/p><p class=\"p1\">Qu\u00e9date. Rel\u00e1jate. Explora. Repite.<\/p><p class=\"p1\">El para\u00edso te espera.<\/p>\t\t\t\t\t\t\t\t<\/div>\n\t\t\t\t<\/div>\n\t\t\t\t<div class=\"elementor-element elementor-element-812be49 elementor-widget elementor-widget-heading\" data-id=\"812be49\" data-element_type=\"widget\" data-widget_type=\"heading.default\">\n\t\t\t\t<div class=\"elementor-widget-container\">\n\t\t\t\t\t<h2 class=\"elementor-heading-title elementor-size-default\">- Casa Sinforosa <\/h2>\t\t\t\t<\/div>\n\t\t\t\t<\/div>\n\t\t\t\t<\/div>\n\t\t\t\t\t<\/div>\n\t\t\t\t<\/div>\n\t\t<div class=\"elementor-element elementor-element-56719d4 e-con-full e-flex e-con e-parent\" data-id=\"56719d4\" data-element_type=\"container\">\n\t\t\t\t<div class=\"elementor-element elementor-element-f599216 elementor-arrows-position-inside elementor-widget elementor-widget-image-carousel\" data-id=\"f599216\" data-element_type=\"widget\" data-settings=\"{&quot;navigation&quot;:&quot;arrows&quot;,&quot;autoplay&quot;:&quot;yes&quot;,&quot;pause_on_hover&quot;:&quot;yes&quot;,&quot;pause_on_interaction&quot;:&quot;yes&quot;,&quot;autoplay_speed&quot;:5000,&quot;infinite&quot;:&quot;yes&quot;,&quot;speed&quot;:500}\" data-widget_type=\"image-carousel.default\">\n\t\t\t\t<div class=\"elementor-widget-container\">\n\t\t\t\t\t\t\t<div class=\"elementor-image-carousel-wrapper swiper\" role=\"region\" aria-roledescription=\"carousel\" aria-label=\"Image Carousel\" dir=\"ltr\">\n\t\t\t<div class=\"elementor-image-carousel swiper-wrapper\" aria-live=\"off\">\n\t\t\t\t\t\t\t\t<div class=\"swiper-slide\" role=\"group\" aria-roledescription=\"slide\" aria-label=\"1 of 10\"><figure class=\"swiper-slide-inner\"><img decoding=\"async\" class=\"swiper-slide-image\" src=\"https:\/\/sinforosapanama.com\/wp-content\/uploads\/2025\/02\/0G2A2639-X3-1-1024x683.jpg\" alt=\"0G2A2639-X3 (1)\" \/><\/figure><\/div><div class=\"swiper-slide\" role=\"group\" aria-roledescription=\"slide\" aria-label=\"2 of 10\"><figure class=\"swiper-slide-inner\"><img decoding=\"async\" class=\"swiper-slide-image\" src=\"https:\/\/sinforosapanama.com\/wp-content\/uploads\/2025\/02\/0G2A2685-X3-1024x683.jpg\" alt=\"0G2A2685-X3\" \/><\/figure><\/div><div class=\"swiper-slide\" role=\"group\" aria-roledescription=\"slide\" aria-label=\"3 of 10\"><figure class=\"swiper-slide-inner\"><img decoding=\"async\" class=\"swiper-slide-image\" src=\"https:\/\/sinforosapanama.com\/wp-content\/uploads\/2025\/02\/0G2A2442-X3-1024x683.jpg\" alt=\"0G2A2442-X3\" \/><\/figure><\/div><div class=\"swiper-slide\" role=\"group\" aria-roledescription=\"slide\" aria-label=\"4 of 10\"><figure class=\"swiper-slide-inner\"><img decoding=\"async\" class=\"swiper-slide-image\" src=\"https:\/\/sinforosapanama.com\/wp-content\/uploads\/2025\/02\/0G2A3232-X3-1-1024x683.jpg\" alt=\"0G2A3232-X3 (1)\" \/><\/figure><\/div><div class=\"swiper-slide\" role=\"group\" aria-roledescription=\"slide\" aria-label=\"5 of 10\"><figure class=\"swiper-slide-inner\"><img decoding=\"async\" class=\"swiper-slide-image\" src=\"https:\/\/sinforosapanama.com\/wp-content\/uploads\/2025\/02\/0G2A1693-X3-1024x683.jpg\" alt=\"0G2A1693-X3\" \/><\/figure><\/div><div class=\"swiper-slide\" role=\"group\" aria-roledescription=\"slide\" aria-label=\"6 of 10\"><figure class=\"swiper-slide-inner\"><img decoding=\"async\" class=\"swiper-slide-image\" src=\"https:\/\/sinforosapanama.com\/wp-content\/uploads\/2025\/02\/0G2A2588-X3-1024x683.jpg\" alt=\"0G2A2588-X3\" \/><\/figure><\/div><div class=\"swiper-slide\" role=\"group\" aria-roledescription=\"slide\" aria-label=\"7 of 10\"><figure class=\"swiper-slide-inner\"><img decoding=\"async\" class=\"swiper-slide-image\" src=\"https:\/\/sinforosapanama.com\/wp-content\/uploads\/2025\/02\/0G2A2142-X3-1024x683.jpg\" alt=\"0G2A2142-X3\" \/><\/figure><\/div><div class=\"swiper-slide\" role=\"group\" aria-roledescription=\"slide\" aria-label=\"8 of 10\"><figure class=\"swiper-slide-inner\"><img decoding=\"async\" class=\"swiper-slide-image\" src=\"https:\/\/sinforosapanama.com\/wp-content\/uploads\/2025\/02\/0G2A1715-X3-1-1024x683.jpg\" alt=\"0G2A1715-X3 (1)\" \/><\/figure><\/div><div class=\"swiper-slide\" role=\"group\" aria-roledescription=\"slide\" aria-label=\"9 of 10\"><figure class=\"swiper-slide-inner\"><img decoding=\"async\" class=\"swiper-slide-image\" src=\"https:\/\/sinforosapanama.com\/wp-content\/uploads\/2025\/02\/0G2A2416-X3-1024x683.jpg\" alt=\"0G2A2416-X3\" \/><\/figure><\/div><div class=\"swiper-slide\" role=\"group\" aria-roledescription=\"slide\" aria-label=\"10 of 10\"><figure class=\"swiper-slide-inner\"><img decoding=\"async\" class=\"swiper-slide-image\" src=\"https:\/\/sinforosapanama.com\/wp-content\/uploads\/2025\/02\/0G2A2875-X3-1024x683.jpg\" alt=\"0G2A2875-X3\" \/><\/figure><\/div>\t\t\t<\/div>\n\t\t\t\t\t\t\t\t\t\t\t\t<div class=\"elementor-swiper-button elementor-swiper-button-prev\" role=\"button\" tabindex=\"0\">\n\t\t\t\t\t\t<svg aria-hidden=\"true\" class=\"e-font-icon-svg e-eicon-chevron-left\" viewBox=\"0 0 1000 1000\" xmlns=\"http:\/\/www.w3.org\/2000\/svg\"><path d=\"M646 125C629 125 613 133 604 142L308 442C296 454 292 471 292 487 292 504 296 521 308 533L604 854C617 867 629 875 646 875 663 875 679 871 692 858 704 846 713 829 713 812 713 796 708 779 692 767L438 487 692 225C700 217 708 204 708 187 708 171 704 154 692 142 675 129 663 125 646 125Z\"><\/path><\/svg>\t\t\t\t\t<\/div>\n\t\t\t\t\t<div class=\"elementor-swiper-button elementor-swiper-button-next\" role=\"button\" tabindex=\"0\">\n\t\t\t\t\t\t<svg aria-hidden=\"true\" class=\"e-font-icon-svg e-eicon-chevron-right\" viewBox=\"0 0 1000 1000\" xmlns=\"http:\/\/www.w3.org\/2000\/svg\"><path d=\"M696 533C708 521 713 504 713 487 713 471 708 454 696 446L400 146C388 133 375 125 354 125 338 125 325 129 313 142 300 154 292 171 292 187 292 204 296 221 308 233L563 492 304 771C292 783 288 800 288 817 288 833 296 850 308 863 321 871 338 875 354 875 371 875 388 867 400 854L696 533Z\"><\/path><\/svg>\t\t\t\t\t<\/div>\n\t\t\t\t\n\t\t\t\t\t\t\t\t\t<\/div>\n\t\t\t\t\t\t<\/div>\n\t\t\t\t<\/div>\n\t\t\t\t<\/div>\n\t\t\t\t<\/div>\n\t\t","protected":false},"excerpt":{"rendered":"<p>Sobre nosotros Habitaciones Conoce el para\u00edso Un sitio con historia, transformado en un refugio costero.\u00a0 Abrimos las puertas de Casa Sinforosa para revelar un mundo escondido: naturaleza, r\u00edo, playa, frutas y arte, todo en un solo lugar.\u00a0 A solo una hora y media de la Ciudad de Panam\u00e1, Yeyo te espera con los brazos abiertos [&hellip;]<\/p>\n","protected":false},"author":1,"featured_media":0,"parent":0,"menu_order":0,"comment_status":"closed","ping_status":"closed","template":"","meta":{"_joinchat":[],"footnotes":""},"class_list":["post-96","page","type-page","status-publish","hentry"],"jetpack_sharing_enabled":true,"_links":{"self":[{"href":"https:\/\/sinforosapanama.com\/index.php?rest_route=\/wp\/v2\/pages\/96","targetHints":{"allow":["GET"]}}],"collection":[{"href":"https:\/\/sinforosapanama.com\/index.php?rest_route=\/wp\/v2\/pages"}],"about":[{"href":"https:\/\/sinforosapanama.com\/index.php?rest_route=\/wp\/v2\/types\/page"}],"author":[{"embeddable":true,"href":"https:\/\/sinforosapanama.com\/index.php?rest_route=\/wp\/v2\/users\/1"}],"replies":[{"embeddable":true,"href":"https:\/\/sinforosapanama.com\/index.php?rest_route=%2Fwp%2Fv2%2Fcomments&post=96"}],"version-history":[{"count":5,"href":"https:\/\/sinforosapanama.com\/index.php?rest_route=\/wp\/v2\/pages\/96\/revisions"}],"predecessor-version":[{"id":679,"href":"https:\/\/sinforosapanama.com\/index.php?rest_route=\/wp\/v2\/pages\/96\/revisions\/679"}],"wp:attachment":[{"href":"https:\/\/sinforosapanama.com\/index.php?rest_route=%2Fwp%2Fv2%2Fmedia&parent=96"}],"curies":[{"name":"wp","href":"https:\/\/api.w.org\/{rel}","templated":true}]}}